{"id":7,"date":"2016-09-19T14:17:51","date_gmt":"2016-09-19T12:17:51","guid":{"rendered":"http:\/\/www.tarotpsychologie.de\/?page_id=7"},"modified":"2016-10-22T18:25:51","modified_gmt":"2016-10-22T16:25:51","slug":"impressum","status":"publish","type":"page","link":"https:\/\/www.tarotpsychologie.de\/?page_id=7","title":{"rendered":"Impressum"},"content":{"rendered":"<p>Verantwortliche Ansprechperson und journalistisch-redaktionelle Verantwortung:<\/p>\n<p>Andreas Krebs<br \/>\nFlurstra\u00dfe 6d<br \/>\n85664 Hohenlinden<\/p>\n<p>&nbsp;<\/p>\n<p>Ust.-ID: DE278556820<\/p>\n<p>Steuernr.: 145\/148\/31344<\/p>\n<p>Keine Haftung: Die Inhalte dieses Webprojektes wurden sorgf\u00e4ltig gepr\u00fcft und nach bestem Wissen erstellt. Aber f\u00fcr die hier dargestellten Informationen wird kein Anspruch auf Vollst\u00e4ndigkeit, Aktualit\u00e4t, Qualit\u00e4t und Richtigkeit erhoben. Es kann keine Verantwortung f\u00fcr Sch\u00e4den \u00fcbernommen weren, die durch das Vertrauen auf die Inhalte dieser Website oder deren Gebrauch entstehen.<\/p>\n<p>Diese Website enth\u00e4lt Verkn\u00fcpfungen zu Websites Dritter (\u201cexterne Links\u201d). Diese Websites unterliegen der Haftung der jeweiligen Betreiber. Der Anbieter hat bei der erstmaligen Verkn\u00fcpfung der externen Links die fremden Inhalte daraufhin \u00fcberpr\u00fcft, ob etwaige Rechtsverst\u00f6\u00dfe bestehen. Zu dem Zeitpunkt waren keine Rechtsverst\u00f6\u00dfe ersichtlich. Der Anbieter hat keinerlei Einfluss auf die aktuelle und zuk\u00fcnftige Gestaltung und auf die Inhalte der verkn\u00fcpften Seiten. Das Setzen von externen Links bedeutet nicht, dass sich der Anbieter die hinter dem Verweis oder Link liegenden Inhalte zu Eigen macht. Eine st\u00e4ndige Kontrolle der externen Links ist f\u00fcr den Anbieter ohne konkrete Hinweise auf Rechtsverst\u00f6\u00dfe nicht zumutbar. Bei Kenntnis von Rechtsverst\u00f6\u00dfen werden jedoch derartige externe Links unverz\u00fcglich gel\u00f6scht.<\/p>\n<p>Schutzrechtsverletzung: Falls Sie vermuten, dass von dieser Website aus eines Ihrer Schutzrechte verletzt wird, teilen Sie das bitte umgehend per elektronischer Post mit, damit z\u00fcgig Abhilfe geschaffen werden kann. Bitte nehmen Sie zur Kenntnis: Die zeitaufw\u00e4ndigere Einschaltung eines Anwaltes zur f\u00fcr den Dienstanbieter kostenpflichtigen Abmahnung entspricht nicht dessen wirklichem oder mutma\u00dflichem Willen.<\/p>\n<p>Die Verwendung der Kontaktdaten des Impressums zur gewerblichen Werbung ist ausdr\u00fccklich nicht erw\u00fcnscht, es sei denn der Anbieter hatte zuvor seine schriftliche Einwilligung erteilt oder es besteht bereits eine Gesch\u00e4ftsbeziehung. Der Anbieter und alle auf dieser Website genannten Personen widersprechen hiermit jeder kommerziellen Verwendung und Weitergabe ihrer Daten.<\/p>\n<p><img loading=\"lazy\" decoding=\"async\" class=\"alignleft wp-image-16 size-full\" src=\"http:\/\/www.tarotpsychologie.de\/wp-content\/uploads\/2016\/09\/Email-e1474297000283.jpg\" alt=\"email\" width=\"310\" height=\"30\" srcset=\"https:\/\/www.tarotpsychologie.de\/wp-content\/uploads\/2016\/09\/Email-e1474297000283.jpg 310w, https:\/\/www.tarotpsychologie.de\/wp-content\/uploads\/2016\/09\/Email-e1474297000283-300x29.jpg 300w\" sizes=\"auto, (max-width: 310px) 100vw, 310px\" \/><\/p>\n<p>&nbsp;<\/p>\n<p>&nbsp;<\/p>\n<p style=\"text-align: justify; padding-left: 30px;\"><em>Alle Texte sind urheberrechtlich gesch\u00fctzt. Verbreitung (auch auszugsweise) nur mit schriftlicher Genehmigung des Autors.<\/em><\/p>\n","protected":false},"excerpt":{"rendered":"<p>Verantwortliche Ansprechperson und journalistisch-redaktionelle Verantwortung: Andreas Krebs Flurstra\u00dfe 6d 85664 Hohenlinden &nbsp; Ust.-ID: DE278556820 Steuernr.: 145\/148\/31344 Keine Haftung: Die Inhalte dieses Webprojektes wurden sorgf\u00e4ltig gepr\u00fcft und nach bestem Wissen erstellt. Aber f\u00fcr die hier dargestellten Informationen wird kein Anspruch auf Vollst\u00e4ndigkeit, Aktualit\u00e4t, Qualit\u00e4t und Richtigkeit erhoben. Es kann keine Verantwortung f\u00fcr Sch\u00e4den \u00fcbernommen weren, die &hellip; <a href=\"https:\/\/www.tarotpsychologie.de\/?page_id=7\" class=\"more-link\"><span class=\"screen-reader-text\">Impressum<\/span> weiterlesen<\/a><\/p>\n","protected":false},"author":1,"featured_media":0,"parent":4,"menu_order":0,"comment_status":"closed","ping_status":"closed","template":"","meta":{"footnotes":""},"class_list":["post-7","page","type-page","status-publish","hentry"],"_links":{"self":[{"href":"https:\/\/www.tarotpsychologie.de\/index.php?rest_route=\/wp\/v2\/pages\/7","targetHints":{"allow":["GET"]}}],"collection":[{"href":"https:\/\/www.tarotpsychologie.de\/index.php?rest_route=\/wp\/v2\/pages"}],"about":[{"href":"https:\/\/www.tarotpsychologie.de\/index.php?rest_route=\/wp\/v2\/types\/page"}],"author":[{"embeddable":true,"href":"https:\/\/www.tarotpsychologie.de\/index.php?rest_route=\/wp\/v2\/users\/1"}],"replies":[{"embeddable":true,"href":"https:\/\/www.tarotpsychologie.de\/index.php?rest_route=%2Fwp%2Fv2%2Fcomments&post=7"}],"version-history":[{"count":8,"href":"https:\/\/www.tarotpsychologie.de\/index.php?rest_route=\/wp\/v2\/pages\/7\/revisions"}],"predecessor-version":[{"id":109,"href":"https:\/\/www.tarotpsychologie.de\/index.php?rest_route=\/wp\/v2\/pages\/7\/revisions\/109"}],"up":[{"embeddable":true,"href":"https:\/\/www.tarotpsychologie.de\/index.php?rest_route=\/wp\/v2\/pages\/4"}],"wp:attachment":[{"href":"https:\/\/www.tarotpsychologie.de\/index.php?rest_route=%2Fwp%2Fv2%2Fmedia&parent=7"}],"curies":[{"name":"wp","href":"https:\/\/api.w.org\/{rel}","templated":true}]}}