{"id":390,"date":"2018-02-01T19:16:19","date_gmt":"2018-02-01T18:16:19","guid":{"rendered":"http:\/\/www.tarotpsychologie.de\/?page_id=390"},"modified":"2018-02-01T19:16:19","modified_gmt":"2018-02-01T18:16:19","slug":"alle-beitraege","status":"publish","type":"page","link":"https:\/\/www.tarotpsychologie.de\/?page_id=390","title":{"rendered":"Alle Beitr\u00e4ge"},"content":{"rendered":"<div class='pfpItem entry-content'><h2 class='entry-title'><a href='https:\/\/www.tarotpsychologie.de\/?p=412'>Karte im Detail: Der Mond<\/a><\/h2>Ein Hund und ein Wolf heulen gemeinsam den Mond an. Mit Hund und Wolf haben wir ein vertrautes Paar vor uns, dem wir dennoch noch immer mit vielen Vorurteilen und viel Unwissen begegnen. Viele Menschen haben Angst vor W\u00f6lfen und beobachten die ersten zaghaften Wiederansiedelungsprojekte in unseren W\u00e4ldern mit gro\u00dfem Misstrauen. Landwirte, die unter medialer &hellip; <a href=\"https:\/\/www.tarotpsychologie.de\/?p=412\" class=\"more-link\"><span class=\"screen-reader-text\">Karte im Detail: Der Mond<\/span> weiterlesen<\/a><div class='clear'><\/div><hr><\/div><div class='pfpItem entry-content'><h2 class='entry-title'><a href='https:\/\/www.tarotpsychologie.de\/?p=260'>Karte im Detail: Die Sonne<\/a><\/h2>Die Sonne, so wie sie von Pamela Colman Smith gezeichnet wurde, ist eine frappierende Darstellung des &#8222;Kind-Archetypus&#8222;, wie ihn C. G. Jung beschrieben hat [C. G. Jung: Zur Psychologie des Kindarchetypus, 1940 in Edition C. G. Jung Bd. 9\/I]. Die Sonne selbst, generell runde Symbole, z.B. die Sonnenblumen im Hintergrund geh\u00f6ren ebenso zu diesem Archetypus &hellip; <a href=\"https:\/\/www.tarotpsychologie.de\/?p=260\" class=\"more-link\"><span class=\"screen-reader-text\">Karte im Detail: Die Sonne<\/span> weiterlesen<\/a><div class='clear'><\/div><hr><\/div><div class='pfpItem entry-content'><h2 class='entry-title'><a href='https:\/\/www.tarotpsychologie.de\/?p=254'>Karte im Detail: Der Teufel<\/a><\/h2>Der Teufel ist &#8211; neben den 8 Schwertern, dem Geh\u00e4ngten und ein paar weiteren Karten &#8211; ein Paradebeispiel einer missverstandene Karte. In einer der grundlegenden Betrachtungen &#8211; Umgang mit multiplen Pers\u00f6nlichkeiten &#8211; haben wir uns den Teufel bereits etwas n\u00e4her angesehen. Ich kenne \u00fcbrigens kaum ein Tarot-Buch, das die Karte &#8222;Der Teufel&#8220; wirklich positiv w\u00fcrdigt. &hellip; <a href=\"https:\/\/www.tarotpsychologie.de\/?p=254\" class=\"more-link\"><span class=\"screen-reader-text\">Karte im Detail: Der Teufel<\/span> weiterlesen<\/a><div class='clear'><\/div><hr><\/div><div class='pfpItem entry-content'><h2 class='entry-title'><a href='https:\/\/www.tarotpsychologie.de\/?p=165'>Karte im Detail: 8 Schwerter<\/a><\/h2>Nach all den theoretischen Ausf\u00fchrungen m\u00f6chte ich nun eine erste Tarotkarte im Detail beleuchten. \u00dcblicherweise wird dabei mit den gro\u00dfen Arkanen begonnen, dann kommen einige Ausf\u00fchrungen \u00fcber die 4 Farben, die Hofkarten und schlie\u00dflich die kleinen Arkanen Farbe f\u00fcr Farbe nach ihrer Nummerierung.\u00a0Ich m\u00f6chte stattdessen mit der &#8222;8 der Schwerter&#8220; beginnen. Die 8 der Schwerter &hellip; <a href=\"https:\/\/www.tarotpsychologie.de\/?p=165\" class=\"more-link\"><span class=\"screen-reader-text\">Karte im Detail: 8 Schwerter<\/span> weiterlesen<\/a><div class='clear'><\/div><hr><\/div><div class='pfpItem entry-content'><h2 class='entry-title'><a href='https:\/\/www.tarotpsychologie.de\/?p=122'>9. Die gro\u00dfe Beliebigkeit.<\/a><\/h2>Dem Tarot wird manchmal vorgeworfen, dass sich die verschiedenen Autoren und Schulen so weit und in vielfacher Weise widersprechen, dass im Endeffekt die Auslegung der Bedeutung der Karten vollkommen beliebig w\u00fcrde. Da ist schon was dran. Ein Beispiel f\u00fcr ganz kontr\u00e4re Auslegungen haben wir bereits bei unserer (vorl\u00e4ufigen)\u00a0Betrachtung des Teufels\u00a0kennen gelernt. Und nat\u00fcrlich bringen unterschiedliche &hellip; <a href=\"https:\/\/www.tarotpsychologie.de\/?p=122\" class=\"more-link\"><span class=\"screen-reader-text\">9. Die gro\u00dfe Beliebigkeit.<\/span> weiterlesen<\/a><div class='clear'><\/div><hr><\/div><div class='pfpItem entry-content'><h2 class='entry-title'><a href='https:\/\/www.tarotpsychologie.de\/?p=118'>8. Schwierigkeiten mit den Herrschaften vom Hofe.<\/a><\/h2>Bislang konnten wir uns ganz passabel auf &#8222;intuitive&#8220; Weise mit den Tarotkarten auseinandersetzen. Dank Pamela Colman Smith haben wir ein Kartendeck, das sehr &#8222;szenisch&#8220; aufgebaut ist und dadurch auch sehr offen f\u00fcr unsere Interpretationen ist. Das gilt sogar f\u00fcr die kleinen Arkanen, die in \u00e4lteren Tarots (Wirth, diverse Varianten des Tarot de Marseille, usw.) noch &hellip; <a href=\"https:\/\/www.tarotpsychologie.de\/?p=118\" class=\"more-link\"><span class=\"screen-reader-text\">8. Schwierigkeiten mit den Herrschaften vom Hofe.<\/span> weiterlesen<\/a><div class='clear'><\/div><hr><\/div><div class='pfpItem entry-content'><h2 class='entry-title'><a href='https:\/\/www.tarotpsychologie.de\/?p=94'>7. Umgang mit multiplen Pers\u00f6nlichkeiten.<\/a><\/h2>Gehen wir doch mal zum Teufel. Der ist ohnehin eine ganz besondere Karte. Die meisten modernen Tarot-Autoren beteuern, dass alle Karten positive wie negative Seiten h\u00e4tten, das sei selbst und ganz besonders beim von Tarot-Laien oft gef\u00fcrchteten &#8222;Tod&#8220; so, der im \u00dcbrigen ganz harmlos w\u00e4re und ganz bestimmt nicht das Ende Ihres Lebens andeuten m\u00f6chte. &hellip; <a href=\"https:\/\/www.tarotpsychologie.de\/?p=94\" class=\"more-link\"><span class=\"screen-reader-text\">7. Umgang mit multiplen Pers\u00f6nlichkeiten.<\/span> weiterlesen<\/a><div class='clear'><\/div><hr><\/div><span class='pfpNav'><a href=\"https:\/\/www.tarotpsychologie.de\/index.php?rest_route=%2Fwp%2Fv2%2Fpages%2F390&#038;paged=2\" >\u00e4ltere Beitr\u00e4ge<\/a><\/span>\n","protected":false},"excerpt":{"rendered":"","protected":false},"author":1,"featured_media":0,"parent":0,"menu_order":0,"comment_status":"closed","ping_status":"closed","template":"","meta":{"footnotes":""},"class_list":["post-390","page","type-page","status-publish","hentry"],"_links":{"self":[{"href":"https:\/\/www.tarotpsychologie.de\/index.php?rest_route=\/wp\/v2\/pages\/390","targetHints":{"allow":["GET"]}}],"collection":[{"href":"https:\/\/www.tarotpsychologie.de\/index.php?rest_route=\/wp\/v2\/pages"}],"about":[{"href":"https:\/\/www.tarotpsychologie.de\/index.php?rest_route=\/wp\/v2\/types\/page"}],"author":[{"embeddable":true,"href":"https:\/\/www.tarotpsychologie.de\/index.php?rest_route=\/wp\/v2\/users\/1"}],"replies":[{"embeddable":true,"href":"https:\/\/www.tarotpsychologie.de\/index.php?rest_route=%2Fwp%2Fv2%2Fcomments&post=390"}],"version-history":[{"count":1,"href":"https:\/\/www.tarotpsychologie.de\/index.php?rest_route=\/wp\/v2\/pages\/390\/revisions"}],"predecessor-version":[{"id":392,"href":"https:\/\/www.tarotpsychologie.de\/index.php?rest_route=\/wp\/v2\/pages\/390\/revisions\/392"}],"wp:attachment":[{"href":"https:\/\/www.tarotpsychologie.de\/index.php?rest_route=%2Fwp%2Fv2%2Fmedia&parent=390"}],"curies":[{"name":"wp","href":"https:\/\/api.w.org\/{rel}","templated":true}]}}